{"id":3,"date":"2026-01-04T06:43:24","date_gmt":"2026-01-04T09:43:24","guid":{"rendered":"http:\/\/legendei.net\/aplicativos\/?page_id=3"},"modified":"2026-01-04T08:21:22","modified_gmt":"2026-01-04T11:21:22","slug":"politica-de-privacidade","status":"publish","type":"page","link":"https:\/\/legendei.net\/aplicativos\/politica-de-privacidade\/","title":{"rendered":"Pol\u00edtica de privacidade"},"content":{"rendered":"<p>A sua privacidade \u00e9 importante para n\u00f3s. Esta Pol\u00edtica de Privacidade descreve como as informa\u00e7\u00f5es s\u00e3o coletadas, usadas e protegidas no site <strong>Legendei \u2013 Aplicativos e Ferramentas para Windows<\/strong>.<\/p>\n<h2>Coleta de informa\u00e7\u00f5es<\/h2>\n<p>O site pode coletar informa\u00e7\u00f5es pessoais fornecidas voluntariamente pelo usu\u00e1rio, como nome e endere\u00e7o de e-mail, por exemplo, ao entrar em contato conosco atrav\u00e9s de formul\u00e1rios.<\/p>\n<h2>Uso das informa\u00e7\u00f5es<\/h2>\n<p>As informa\u00e7\u00f5es coletadas s\u00e3o utilizadas exclusivamente para responder solicita\u00e7\u00f5es, melhorar a experi\u00eancia do usu\u00e1rio e manter o funcionamento adequado do site.<\/p>\n<h2>Cookies<\/h2>\n<p>Este site pode utilizar cookies para armazenar informa\u00e7\u00f5es sobre prefer\u00eancias do visitante e otimizar a navega\u00e7\u00e3o. O usu\u00e1rio pode desativar os cookies diretamente nas configura\u00e7\u00f5es do navegador.<\/p>\n<h2>Publicidade e servi\u00e7os de terceiros<\/h2>\n<p>Podemos utilizar servi\u00e7os de terceiros, como plataformas de publicidade ou ferramentas de an\u00e1lise, que podem coletar dados de acordo com suas pr\u00f3prias pol\u00edticas de privacidade.<\/p>\n<h2>Links externos<\/h2>\n<p>O site pode conter links para sites externos. N\u00e3o nos responsabilizamos pelas pr\u00e1ticas de privacidade ou pelo conte\u00fado desses sites.<\/p>\n<h2>Altera\u00e7\u00f5es nesta pol\u00edtica<\/h2>\n<p>Esta Pol\u00edtica de Privacidade pode ser atualizada periodicamente. Recomendamos que o usu\u00e1rio revise esta p\u00e1gina regularmente.<\/p>\n","protected":false},"excerpt":{"rendered":"<p>A sua privacidade \u00e9 importante para n\u00f3s. Esta Pol\u00edtica de Privacidade descreve como as informa\u00e7\u00f5es s\u00e3o coletadas, usadas e protegidas no site Legendei \u2013 Aplicativos e Ferramentas para Windows. Coleta de informa\u00e7\u00f5es O site pode coletar informa\u00e7\u00f5es pessoais fornecidas voluntariamente pelo usu\u00e1rio, como nome e endere\u00e7o de e-mail, por exemplo, ao entrar em contato conosco &#8230; <a title=\"Pol\u00edtica de privacidade\" class=\"read-more\" href=\"https:\/\/legendei.net\/aplicativos\/politica-de-privacidade\/\" aria-label=\"Read more about Pol\u00edtica de privacidade\">Ler mais<\/a><\/p>\n","protected":false},"author":1,"featured_media":0,"parent":0,"menu_order":0,"comment_status":"closed","ping_status":"closed","template":"","meta":{"footnotes":""},"class_list":["post-3","page","type-page","status-publish"],"_links":{"self":[{"href":"https:\/\/legendei.net\/aplicativos\/wp-json\/wp\/v2\/pages\/3","targetHints":{"allow":["GET"]}}],"collection":[{"href":"https:\/\/legendei.net\/aplicativos\/wp-json\/wp\/v2\/pages"}],"about":[{"href":"https:\/\/legendei.net\/aplicativos\/wp-json\/wp\/v2\/types\/page"}],"author":[{"embeddable":true,"href":"https:\/\/legendei.net\/aplicativos\/wp-json\/wp\/v2\/users\/1"}],"replies":[{"embeddable":true,"href":"https:\/\/legendei.net\/aplicativos\/wp-json\/wp\/v2\/comments?post=3"}],"version-history":[{"count":3,"href":"https:\/\/legendei.net\/aplicativos\/wp-json\/wp\/v2\/pages\/3\/revisions"}],"predecessor-version":[{"id":12,"href":"https:\/\/legendei.net\/aplicativos\/wp-json\/wp\/v2\/pages\/3\/revisions\/12"}],"wp:attachment":[{"href":"https:\/\/legendei.net\/aplicativos\/wp-json\/wp\/v2\/media?parent=3"}],"curies":[{"name":"wp","href":"https:\/\/api.w.org\/{rel}","templated":true}]}}