{"id":17,"date":"2026-01-04T08:23:42","date_gmt":"2026-01-04T11:23:42","guid":{"rendered":"https:\/\/legendei.net\/aplicativos\/?page_id=17"},"modified":"2026-01-04T08:24:43","modified_gmt":"2026-01-04T11:24:43","slug":"sobre","status":"publish","type":"page","link":"https:\/\/legendei.net\/aplicativos\/sobre\/","title":{"rendered":"Sobre"},"content":{"rendered":"<p>Esta se\u00e7\u00e3o do <strong>Legendei<\/strong> \u00e9 dedicada a aplicativos e ferramentas para Windows, com foco em utilidade, seguran\u00e7a e clareza das informa\u00e7\u00f5es.<\/p>\n<p>Nosso objetivo \u00e9 oferecer reviews honestas, guias pr\u00e1ticos e recomenda\u00e7\u00f5es de softwares que realmente ajudam no dia a dia de usu\u00e1rios de Windows.<\/p>\n<p>N\u00e3o hospedamos arquivos de programas. Sempre direcionamos os downloads para sites oficiais ou fontes p\u00fablicas confi\u00e1veis.<\/p>\n<p>O conte\u00fado \u00e9 produzido de forma independente, priorizando a experi\u00eancia do usu\u00e1rio e a transpar\u00eancia.<\/p>\n","protected":false},"excerpt":{"rendered":"<p>Esta se\u00e7\u00e3o do Legendei \u00e9 dedicada a aplicativos e ferramentas para Windows, com foco em utilidade, seguran\u00e7a e clareza das informa\u00e7\u00f5es. Nosso objetivo \u00e9 oferecer reviews honestas, guias pr\u00e1ticos e recomenda\u00e7\u00f5es de softwares que realmente ajudam no dia a dia de usu\u00e1rios de Windows. N\u00e3o hospedamos arquivos de programas. Sempre direcionamos os downloads para sites &#8230; <a title=\"Sobre\" class=\"read-more\" href=\"https:\/\/legendei.net\/aplicativos\/sobre\/\" aria-label=\"Read more about Sobre\">Ler mais<\/a><\/p>\n","protected":false},"author":1,"featured_media":0,"parent":0,"menu_order":0,"comment_status":"closed","ping_status":"closed","template":"","meta":{"footnotes":""},"class_list":["post-17","page","type-page","status-publish"],"_links":{"self":[{"href":"https:\/\/legendei.net\/aplicativos\/wp-json\/wp\/v2\/pages\/17","targetHints":{"allow":["GET"]}}],"collection":[{"href":"https:\/\/legendei.net\/aplicativos\/wp-json\/wp\/v2\/pages"}],"about":[{"href":"https:\/\/legendei.net\/aplicativos\/wp-json\/wp\/v2\/types\/page"}],"author":[{"embeddable":true,"href":"https:\/\/legendei.net\/aplicativos\/wp-json\/wp\/v2\/users\/1"}],"replies":[{"embeddable":true,"href":"https:\/\/legendei.net\/aplicativos\/wp-json\/wp\/v2\/comments?post=17"}],"version-history":[{"count":3,"href":"https:\/\/legendei.net\/aplicativos\/wp-json\/wp\/v2\/pages\/17\/revisions"}],"predecessor-version":[{"id":20,"href":"https:\/\/legendei.net\/aplicativos\/wp-json\/wp\/v2\/pages\/17\/revisions\/20"}],"wp:attachment":[{"href":"https:\/\/legendei.net\/aplicativos\/wp-json\/wp\/v2\/media?parent=17"}],"curies":[{"name":"wp","href":"https:\/\/api.w.org\/{rel}","templated":true}]}}