{"id":15,"date":"2026-01-04T08:23:00","date_gmt":"2026-01-04T11:23:00","guid":{"rendered":"https:\/\/legendei.net\/aplicativos\/?page_id=15"},"modified":"2026-01-04T08:23:00","modified_gmt":"2026-01-04T11:23:00","slug":"politica-de-cookies","status":"publish","type":"page","link":"https:\/\/legendei.net\/aplicativos\/politica-de-cookies\/","title":{"rendered":"Pol\u00edtica de Cookies"},"content":{"rendered":"<p>Este site utiliza cookies para melhorar a experi\u00eancia do usu\u00e1rio, analisar o tr\u00e1fego e otimizar o funcionamento da plataforma.<\/p>\n<h2>O que s\u00e3o cookies<\/h2>\n<p>Cookies s\u00e3o pequenos arquivos de texto armazenados no navegador do usu\u00e1rio quando um site \u00e9 visitado.<\/p>\n<h2>Tipos de cookies utilizados<\/h2>\n<ul>\n<li>Cookies t\u00e9cnicos essenciais para o funcionamento do site<\/li>\n<li>Cookies de an\u00e1lise e estat\u00edstica<\/li>\n<li>Cookies de terceiros, quando aplic\u00e1vel<\/li>\n<\/ul>\n<h2>Gerenciamento de cookies<\/h2>\n<p>O usu\u00e1rio pode gerenciar ou desativar os cookies diretamente nas configura\u00e7\u00f5es do navegador utilizado.<\/p>\n<p>Para mais informa\u00e7\u00f5es sobre o tratamento de dados pessoais, consulte nossa <a href=\"\/aplicativos\/politica-de-privacidade\/\">Pol\u00edtica de Privacidade<\/a>.<\/p>\n","protected":false},"excerpt":{"rendered":"<p>Este site utiliza cookies para melhorar a experi\u00eancia do usu\u00e1rio, analisar o tr\u00e1fego e otimizar o funcionamento da plataforma. O que s\u00e3o cookies Cookies s\u00e3o pequenos arquivos de texto armazenados no navegador do usu\u00e1rio quando um site \u00e9 visitado. Tipos de cookies utilizados Cookies t\u00e9cnicos essenciais para o funcionamento do site Cookies de an\u00e1lise e &#8230; <a title=\"Pol\u00edtica de Cookies\" class=\"read-more\" href=\"https:\/\/legendei.net\/aplicativos\/politica-de-cookies\/\" aria-label=\"Read more about Pol\u00edtica de Cookies\">Ler mais<\/a><\/p>\n","protected":false},"author":1,"featured_media":0,"parent":0,"menu_order":0,"comment_status":"closed","ping_status":"closed","template":"","meta":{"footnotes":""},"class_list":["post-15","page","type-page","status-publish"],"_links":{"self":[{"href":"https:\/\/legendei.net\/aplicativos\/wp-json\/wp\/v2\/pages\/15","targetHints":{"allow":["GET"]}}],"collection":[{"href":"https:\/\/legendei.net\/aplicativos\/wp-json\/wp\/v2\/pages"}],"about":[{"href":"https:\/\/legendei.net\/aplicativos\/wp-json\/wp\/v2\/types\/page"}],"author":[{"embeddable":true,"href":"https:\/\/legendei.net\/aplicativos\/wp-json\/wp\/v2\/users\/1"}],"replies":[{"embeddable":true,"href":"https:\/\/legendei.net\/aplicativos\/wp-json\/wp\/v2\/comments?post=15"}],"version-history":[{"count":1,"href":"https:\/\/legendei.net\/aplicativos\/wp-json\/wp\/v2\/pages\/15\/revisions"}],"predecessor-version":[{"id":16,"href":"https:\/\/legendei.net\/aplicativos\/wp-json\/wp\/v2\/pages\/15\/revisions\/16"}],"wp:attachment":[{"href":"https:\/\/legendei.net\/aplicativos\/wp-json\/wp\/v2\/media?parent=15"}],"curies":[{"name":"wp","href":"https:\/\/api.w.org\/{rel}","templated":true}]}}